{"id":608,"date":"2025-10-09T12:43:54","date_gmt":"2025-10-09T10:43:54","guid":{"rendered":"https:\/\/monikakawkamalarstwo.pl\/?page_id=608"},"modified":"2025-10-09T13:10:37","modified_gmt":"2025-10-09T11:10:37","slug":"o-mnie","status":"publish","type":"page","link":"https:\/\/monikakawkamalarstwo.pl\/?page_id=608","title":{"rendered":"O mnie"},"content":{"rendered":"\n<figure class=\"wp-block-image size-large\"><img loading=\"lazy\" decoding=\"async\" width=\"581\" height=\"1024\" src=\"https:\/\/monikakawkamalarstwo.pl\/wp-content\/uploads\/2025\/10\/Screenshot_20251009_125447-581x1024.jpg\" alt=\"\" class=\"wp-image-637\" srcset=\"https:\/\/monikakawkamalarstwo.pl\/wp-content\/uploads\/2025\/10\/Screenshot_20251009_125447-581x1024.jpg 581w, https:\/\/monikakawkamalarstwo.pl\/wp-content\/uploads\/2025\/10\/Screenshot_20251009_125447-170x300.jpg 170w, https:\/\/monikakawkamalarstwo.pl\/wp-content\/uploads\/2025\/10\/Screenshot_20251009_125447-768x1353.jpg 768w, https:\/\/monikakawkamalarstwo.pl\/wp-content\/uploads\/2025\/10\/Screenshot_20251009_125447-872x1536.jpg 872w, https:\/\/monikakawkamalarstwo.pl\/wp-content\/uploads\/2025\/10\/Screenshot_20251009_125447.jpg 1080w\" sizes=\"auto, (max-width: 581px) 100vw, 581px\" \/><\/figure>\n\n\n\n<p><strong>Witam na mojej stronie, nazywam si\u0119 Monika Kawka od kilku lat moj\u0105 pasj\u0105 s\u0105 malarstwo grafika i fotografia. Maluj\u0119 zar\u00f3wno krajobrazy jak i emocjonalnie. Malarstwo jest dla mnie form\u0105 auto terapii i spotkania z wewn\u0119trznym dzieckiem, kt\u00f3re nigdy nie zatraca rado\u015bci i entuzjazmu. Maluj\u0119 i sprzedaj\u0119 obrazy w cenie 250 z\u0142, fotografie w cenie 150 z\u0142 i robi\u0119 strony internetowe w cenie 600 z\u0142<\/strong><\/p>\n","protected":false},"excerpt":{"rendered":"<p>Witam na mojej stronie, nazywam si\u0119 Monika Kawka od kilku lat moj\u0105 pasj\u0105 s\u0105 malarstwo grafika i fotografia. Maluj\u0119 zar\u00f3wno krajobrazy jak i emocjonalnie. Malarstwo jest dla mnie form\u0105 auto terapii i spotkania z wewn\u0119trznym dzieckiem, kt\u00f3re nigdy nie zatraca &hellip; <a href=\"https:\/\/monikakawkamalarstwo.pl\/?page_id=608\">Czytaj dalej <span class=\"meta-nav\">&rarr;<\/span><\/a><\/p>\n","protected":false},"author":1,"featured_media":0,"parent":0,"menu_order":0,"comment_status":"closed","ping_status":"closed","template":"","meta":{"footnotes":""},"class_list":["post-608","page","type-page","status-publish","hentry"],"_links":{"self":[{"href":"https:\/\/monikakawkamalarstwo.pl\/index.php?rest_route=\/wp\/v2\/pages\/608","targetHints":{"allow":["GET"]}}],"collection":[{"href":"https:\/\/monikakawkamalarstwo.pl\/index.php?rest_route=\/wp\/v2\/pages"}],"about":[{"href":"https:\/\/monikakawkamalarstwo.pl\/index.php?rest_route=\/wp\/v2\/types\/page"}],"author":[{"embeddable":true,"href":"https:\/\/monikakawkamalarstwo.pl\/index.php?rest_route=\/wp\/v2\/users\/1"}],"replies":[{"embeddable":true,"href":"https:\/\/monikakawkamalarstwo.pl\/index.php?rest_route=%2Fwp%2Fv2%2Fcomments&post=608"}],"version-history":[{"count":2,"href":"https:\/\/monikakawkamalarstwo.pl\/index.php?rest_route=\/wp\/v2\/pages\/608\/revisions"}],"predecessor-version":[{"id":638,"href":"https:\/\/monikakawkamalarstwo.pl\/index.php?rest_route=\/wp\/v2\/pages\/608\/revisions\/638"}],"wp:attachment":[{"href":"https:\/\/monikakawkamalarstwo.pl\/index.php?rest_route=%2Fwp%2Fv2%2Fmedia&parent=608"}],"curies":[{"name":"wp","href":"https:\/\/api.w.org\/{rel}","templated":true}]}}